{"id":514,"date":"2025-01-18T12:46:33","date_gmt":"2025-01-18T12:46:33","guid":{"rendered":"https:\/\/www.sociogrowth.com\/resume\/"},"modified":"2025-01-19T19:19:05","modified_gmt":"2025-01-19T19:19:05","slug":"resume","status":"publish","type":"page","link":"https:\/\/www.sociogrowth.com\/fr\/resume\/","title":{"rendered":"R\u00e9sum\u00e9"},"content":{"rendered":"\n<div data-block-name=\"woocommerce\/cart\" class=\"wp-block-woocommerce-cart alignwide is-loading\">\n<div data-block-name=\"woocommerce\/filled-cart-block\" class=\"wp-block-woocommerce-filled-cart-block\">\n<div data-block-name=\"woocommerce\/cart-items-block\" class=\"wp-block-woocommerce-cart-items-block\">\n<div data-block-name=\"woocommerce\/cart-line-items-block\" class=\"wp-block-woocommerce-cart-line-items-block\"><\/div>\n\n\n\n<div data-block-name=\"woocommerce\/cart-cross-sells-block\" class=\"wp-block-woocommerce-cart-cross-sells-block\">\n<h2 class=\"wp-block-heading has-large-font-size\">Vous pouvez \u00eatre int\u00e9ress\u00e9 par.<\/h2>\n\n\n\n<div data-block-name=\"woocommerce\/cart-cross-sells-products-block\" class=\"wp-block-woocommerce-cart-cross-sells-products-block\"><\/div>\n<\/div>\n<\/div>\n\n\n\n<div data-block-name=\"woocommerce\/cart-totals-block\" class=\"wp-block-woocommerce-cart-totals-block\">\n<div data-block-name=\"woocommerce\/cart-order-summary-block\" class=\"wp-block-woocommerce-cart-order-summary-block\">\n<div data-block-name=\"woocommerce\/cart-order-summary-heading-block\" data-content=\"PRIX\" class=\"wp-block-woocommerce-cart-order-summary-heading-block\"><\/div>\n\n\n\n<div data-block-name=\"woocommerce\/cart-order-summary-coupon-form-block\" class=\"wp-block-woocommerce-cart-order-summary-coupon-form-block\"><\/div>\n\n\n\n<div data-block-name=\"woocommerce\/cart-order-summary-totals-block\" class=\"wp-block-woocommerce-cart-order-summary-totals-block\">\n<div data-block-name=\"woocommerce\/cart-order-summary-subtotal-block\" class=\"wp-block-woocommerce-cart-order-summary-subtotal-block\"><\/div>\n\n\n\n<div data-block-name=\"woocommerce\/cart-order-summary-fee-block\" class=\"wp-block-woocommerce-cart-order-summary-fee-block\"><\/div>\n\n\n\n<div data-block-name=\"woocommerce\/cart-order-summary-discount-block\" class=\"wp-block-woocommerce-cart-order-summary-discount-block\"><\/div>\n\n\n\n<div data-block-name=\"woocommerce\/cart-order-summary-shipping-block\" class=\"wp-block-woocommerce-cart-order-summary-shipping-block\"><\/div>\n\n\n\n<div data-block-name=\"woocommerce\/cart-order-summary-taxes-block\" class=\"wp-block-woocommerce-cart-order-summary-taxes-block\"><\/div>\n<\/div>\n<\/div>\n\n\n\n<div data-block-name=\"woocommerce\/cart-express-payment-block\" class=\"wp-block-woocommerce-cart-express-payment-block\"><\/div>\n\n\n\n<div data-block-name=\"woocommerce\/proceed-to-checkout-block\" class=\"wp-block-woocommerce-proceed-to-checkout-block\"><\/div>\n\n\n\n<div data-block-name=\"woocommerce\/cart-accepted-payment-methods-block\" class=\"wp-block-woocommerce-cart-accepted-payment-methods-block\"><\/div>\n<\/div>\n<\/div>\n\n\n\n<div data-block-name=\"woocommerce\/empty-cart-block\" class=\"wp-block-woocommerce-empty-cart-block\">\n<h2 class=\"wp-block-heading has-text-align-center with-empty-cart-icon wc-block-cart__empty-cart__title\">Votre panier est actuellement vide !<\/h2>\n\n\n\n<hr class=\"wp-block-separator has-alpha-channel-opacity is-style-dots\"\/>\n\n\n\n<h2 class=\"wp-block-heading has-text-align-center\">Nouveau en magasin<\/h2>\n\n\n<div data-block-name=\"woocommerce\/product-new\" data-columns=\"4\" data-rows=\"1\" class=\"wc-block-grid wp-block-product-new wp-block-woocommerce-product-new wc-block-product-new has-4-columns\"><ul class=\"wc-block-grid__products\"><li class=\"wc-block-grid__product\">\n\t\t\t\t<a href=\"https:\/\/www.sociogrowth.com\/fr\/produit\/platine\/\" class=\"wc-block-grid__product-link\">\n\t\t\t\t\t\n\t\t\t\t\t<div class=\"wc-block-grid__product-image\"><img loading=\"lazy\" decoding=\"async\" width=\"300\" height=\"300\" src=\"https:\/\/i0.wp.com\/www.sociogrowth.com\/wp-content\/uploads\/2025\/01\/socio-platinum-pack-scaled.jpg?resize=300%2C300&amp;ssl=1\" class=\"attachment-woocommerce_thumbnail size-woocommerce_thumbnail\" alt=\"Platine\" srcset=\"https:\/\/i0.wp.com\/www.sociogrowth.com\/wp-content\/uploads\/2025\/01\/socio-platinum-pack-scaled.jpg?resize=150%2C150&amp;ssl=1 150w, https:\/\/i0.wp.com\/www.sociogrowth.com\/wp-content\/uploads\/2025\/01\/socio-platinum-pack-scaled.jpg?resize=140%2C140&amp;ssl=1 140w, https:\/\/i0.wp.com\/www.sociogrowth.com\/wp-content\/uploads\/2025\/01\/socio-platinum-pack-scaled.jpg?resize=100%2C100&amp;ssl=1 100w, https:\/\/i0.wp.com\/www.sociogrowth.com\/wp-content\/uploads\/2025\/01\/socio-platinum-pack-scaled.jpg?resize=500%2C500&amp;ssl=1 500w, https:\/\/i0.wp.com\/www.sociogrowth.com\/wp-content\/uploads\/2025\/01\/socio-platinum-pack-scaled.jpg?resize=350%2C350&amp;ssl=1 350w, https:\/\/i0.wp.com\/www.sociogrowth.com\/wp-content\/uploads\/2025\/01\/socio-platinum-pack-scaled.jpg?resize=1000%2C1000&amp;ssl=1 1000w, https:\/\/i0.wp.com\/www.sociogrowth.com\/wp-content\/uploads\/2025\/01\/socio-platinum-pack-scaled.jpg?resize=800%2C800&amp;ssl=1 800w, https:\/\/i0.wp.com\/www.sociogrowth.com\/wp-content\/uploads\/2025\/01\/socio-platinum-pack-scaled.jpg?resize=300%2C300&amp;ssl=1 300w, https:\/\/i0.wp.com\/www.sociogrowth.com\/wp-content\/uploads\/2025\/01\/socio-platinum-pack-scaled.jpg?zoom=2&amp;resize=300%2C300&amp;ssl=1 600w, https:\/\/i0.wp.com\/www.sociogrowth.com\/wp-content\/uploads\/2025\/01\/socio-platinum-pack-scaled.jpg?zoom=3&amp;resize=300%2C300&amp;ssl=1 900w\" sizes=\"auto, (max-width: 300px) 100vw, 300px\" \/><\/div>\n\t\t\t\t\t<div class=\"wc-block-grid__product-title\">Platine<\/div>\n\t\t\t\t<\/a>\n\t\t\t\t<div class=\"wc-block-grid__product-price price\"><span class=\"woocommerce-Price-amount amount\"><span class=\"woocommerce-Price-currencySymbol\">&#036;<\/span>1,899.00<\/span><\/div>\n\t\t\t\t\n\t\t\t\t<div class=\"wp-block-button wc-block-grid__product-add-to-cart\"><a href=\"\/fr\/wp-json\/wp\/v2\/pages\/514?add-to-cart=586\" aria-label=\"Ajouter au panier\u00a0: &ldquo;Platine&rdquo;\" data-quantity=\"1\" data-product_id=\"586\" data-product_sku=\"\" data-price=\"1899\" rel=\"nofollow\" class=\"wp-block-button__link  add_to_cart_button ajax_add_to_cart\">Ajouter au panier<\/a><\/div>\n\t\t\t<\/li><li class=\"wc-block-grid__product\">\n\t\t\t\t<a href=\"https:\/\/www.sociogrowth.com\/fr\/produit\/prime\/\" class=\"wc-block-grid__product-link\">\n\t\t\t\t\t\n\t\t\t\t\t<div class=\"wc-block-grid__product-image\"><img loading=\"lazy\" decoding=\"async\" width=\"300\" height=\"300\" src=\"https:\/\/i0.wp.com\/www.sociogrowth.com\/wp-content\/uploads\/2025\/01\/socio-premium-pack-scaled.jpg?resize=300%2C300&amp;ssl=1\" class=\"attachment-woocommerce_thumbnail size-woocommerce_thumbnail\" alt=\"Prime\" srcset=\"https:\/\/i0.wp.com\/www.sociogrowth.com\/wp-content\/uploads\/2025\/01\/socio-premium-pack-scaled.jpg?resize=150%2C150&amp;ssl=1 150w, https:\/\/i0.wp.com\/www.sociogrowth.com\/wp-content\/uploads\/2025\/01\/socio-premium-pack-scaled.jpg?resize=140%2C140&amp;ssl=1 140w, https:\/\/i0.wp.com\/www.sociogrowth.com\/wp-content\/uploads\/2025\/01\/socio-premium-pack-scaled.jpg?resize=100%2C100&amp;ssl=1 100w, https:\/\/i0.wp.com\/www.sociogrowth.com\/wp-content\/uploads\/2025\/01\/socio-premium-pack-scaled.jpg?resize=500%2C500&amp;ssl=1 500w, https:\/\/i0.wp.com\/www.sociogrowth.com\/wp-content\/uploads\/2025\/01\/socio-premium-pack-scaled.jpg?resize=350%2C350&amp;ssl=1 350w, https:\/\/i0.wp.com\/www.sociogrowth.com\/wp-content\/uploads\/2025\/01\/socio-premium-pack-scaled.jpg?resize=1000%2C1000&amp;ssl=1 1000w, https:\/\/i0.wp.com\/www.sociogrowth.com\/wp-content\/uploads\/2025\/01\/socio-premium-pack-scaled.jpg?resize=800%2C800&amp;ssl=1 800w, https:\/\/i0.wp.com\/www.sociogrowth.com\/wp-content\/uploads\/2025\/01\/socio-premium-pack-scaled.jpg?resize=300%2C300&amp;ssl=1 300w, https:\/\/i0.wp.com\/www.sociogrowth.com\/wp-content\/uploads\/2025\/01\/socio-premium-pack-scaled.jpg?zoom=2&amp;resize=300%2C300&amp;ssl=1 600w, https:\/\/i0.wp.com\/www.sociogrowth.com\/wp-content\/uploads\/2025\/01\/socio-premium-pack-scaled.jpg?zoom=3&amp;resize=300%2C300&amp;ssl=1 900w\" sizes=\"auto, (max-width: 300px) 100vw, 300px\" \/><\/div>\n\t\t\t\t\t<div class=\"wc-block-grid__product-title\">Prime<\/div>\n\t\t\t\t<\/a>\n\t\t\t\t<div class=\"wc-block-grid__product-price price\"><span class=\"woocommerce-Price-amount amount\"><span class=\"woocommerce-Price-currencySymbol\">&#036;<\/span>1,599.00<\/span><\/div>\n\t\t\t\t\n\t\t\t\t<div class=\"wp-block-button wc-block-grid__product-add-to-cart\"><a href=\"\/fr\/wp-json\/wp\/v2\/pages\/514?add-to-cart=584\" aria-label=\"Ajouter au panier\u00a0: &ldquo;Prime&rdquo;\" data-quantity=\"1\" data-product_id=\"584\" data-product_sku=\"\" data-price=\"1599\" rel=\"nofollow\" class=\"wp-block-button__link  add_to_cart_button ajax_add_to_cart\">Ajouter au panier<\/a><\/div>\n\t\t\t<\/li><li class=\"wc-block-grid__product\">\n\t\t\t\t<a href=\"https:\/\/www.sociogrowth.com\/fr\/produit\/minime\/\" class=\"wc-block-grid__product-link\">\n\t\t\t\t\t\n\t\t\t\t\t<div class=\"wc-block-grid__product-image\"><img loading=\"lazy\" decoding=\"async\" width=\"300\" height=\"300\" src=\"https:\/\/i0.wp.com\/www.sociogrowth.com\/wp-content\/uploads\/2025\/01\/socio-minimal-pack-scaled.jpg?resize=300%2C300&amp;ssl=1\" class=\"attachment-woocommerce_thumbnail size-woocommerce_thumbnail\" alt=\"Minime\" srcset=\"https:\/\/i0.wp.com\/www.sociogrowth.com\/wp-content\/uploads\/2025\/01\/socio-minimal-pack-scaled.jpg?resize=150%2C150&amp;ssl=1 150w, https:\/\/i0.wp.com\/www.sociogrowth.com\/wp-content\/uploads\/2025\/01\/socio-minimal-pack-scaled.jpg?resize=140%2C140&amp;ssl=1 140w, https:\/\/i0.wp.com\/www.sociogrowth.com\/wp-content\/uploads\/2025\/01\/socio-minimal-pack-scaled.jpg?resize=100%2C100&amp;ssl=1 100w, https:\/\/i0.wp.com\/www.sociogrowth.com\/wp-content\/uploads\/2025\/01\/socio-minimal-pack-scaled.jpg?resize=500%2C500&amp;ssl=1 500w, https:\/\/i0.wp.com\/www.sociogrowth.com\/wp-content\/uploads\/2025\/01\/socio-minimal-pack-scaled.jpg?resize=350%2C350&amp;ssl=1 350w, https:\/\/i0.wp.com\/www.sociogrowth.com\/wp-content\/uploads\/2025\/01\/socio-minimal-pack-scaled.jpg?resize=1000%2C1000&amp;ssl=1 1000w, https:\/\/i0.wp.com\/www.sociogrowth.com\/wp-content\/uploads\/2025\/01\/socio-minimal-pack-scaled.jpg?resize=800%2C800&amp;ssl=1 800w, https:\/\/i0.wp.com\/www.sociogrowth.com\/wp-content\/uploads\/2025\/01\/socio-minimal-pack-scaled.jpg?resize=300%2C300&amp;ssl=1 300w, https:\/\/i0.wp.com\/www.sociogrowth.com\/wp-content\/uploads\/2025\/01\/socio-minimal-pack-scaled.jpg?zoom=2&amp;resize=300%2C300&amp;ssl=1 600w, https:\/\/i0.wp.com\/www.sociogrowth.com\/wp-content\/uploads\/2025\/01\/socio-minimal-pack-scaled.jpg?zoom=3&amp;resize=300%2C300&amp;ssl=1 900w\" sizes=\"auto, (max-width: 300px) 100vw, 300px\" \/><\/div>\n\t\t\t\t\t<div class=\"wc-block-grid__product-title\">Minime<\/div>\n\t\t\t\t<\/a>\n\t\t\t\t<div class=\"wc-block-grid__product-price price\"><span class=\"woocommerce-Price-amount amount\"><span class=\"woocommerce-Price-currencySymbol\">&#036;<\/span>1,299.00<\/span><\/div>\n\t\t\t\t\n\t\t\t\t<div class=\"wp-block-button wc-block-grid__product-add-to-cart\"><a href=\"\/fr\/wp-json\/wp\/v2\/pages\/514?add-to-cart=582\" aria-label=\"Ajouter au panier\u00a0: &ldquo;Minime&rdquo;\" data-quantity=\"1\" data-product_id=\"582\" data-product_sku=\"\" data-price=\"1299\" rel=\"nofollow\" class=\"wp-block-button__link  add_to_cart_button ajax_add_to_cart\">Ajouter au panier<\/a><\/div>\n\t\t\t<\/li><\/ul><\/div><\/div>\n<\/div>\n","protected":false},"excerpt":{"rendered":"Vous pouvez \u00eatre int\u00e9ress\u00e9 par. Votre panier est actuellement vide ! Nouveau en magasin","protected":false},"author":1,"featured_media":0,"parent":0,"menu_order":0,"comment_status":"closed","ping_status":"closed","template":"","meta":{"rank_math_focus_keyword":"","rank_math_description":"","footnotes":""},"class_list":["post-514","page","type-page","status-publish"],"jetpack_sharing_enabled":true,"_links":{"self":[{"href":"https:\/\/www.sociogrowth.com\/fr\/wp-json\/wp\/v2\/pages\/514","targetHints":{"allow":["GET"]}}],"collection":[{"href":"https:\/\/www.sociogrowth.com\/fr\/wp-json\/wp\/v2\/pages"}],"about":[{"href":"https:\/\/www.sociogrowth.com\/fr\/wp-json\/wp\/v2\/types\/page"}],"author":[{"embeddable":true,"href":"https:\/\/www.sociogrowth.com\/fr\/wp-json\/wp\/v2\/users\/1"}],"replies":[{"embeddable":true,"href":"https:\/\/www.sociogrowth.com\/fr\/wp-json\/wp\/v2\/comments?post=514"}],"version-history":[{"count":1,"href":"https:\/\/www.sociogrowth.com\/fr\/wp-json\/wp\/v2\/pages\/514\/revisions"}],"predecessor-version":[{"id":515,"href":"https:\/\/www.sociogrowth.com\/fr\/wp-json\/wp\/v2\/pages\/514\/revisions\/515"}],"wp:attachment":[{"href":"https:\/\/www.sociogrowth.com\/fr\/wp-json\/wp\/v2\/media?parent=514"}],"curies":[{"name":"wp","href":"https:\/\/api.w.org\/{rel}","templated":true}]}}