{"id":596,"date":"2025-01-18T13:06:43","date_gmt":"2025-01-18T13:06:43","guid":{"rendered":"https:\/\/www.sociogrowth.com\/product\/premium\/"},"modified":"2025-01-18T13:06:43","modified_gmt":"2025-01-18T13:06:43","slug":"premium","status":"publish","type":"product","link":"https:\/\/www.sociogrowth.com\/es\/producto\/premium\/","title":{"rendered":"Premium"},"content":{"rendered":"","protected":false},"excerpt":{"rendered":"<ul>\n<li>3 Cuentas sociales<\/li>\n<li>Facebook, Instagram, Tiktok<\/li>\n<li>8 Contenido visual<\/li>\n<li>8 Contenido de la historia<\/li>\n<li>Dise\u00f1os para ocasiones especiales<\/li>\n<li>Identificaci\u00f3n del p\u00fablico objetivo<\/li>\n<li>Inteligencia Artificial Vigilancia de la Competencia<\/li>\n<li>Estudio del p\u00fablico objetivo de la competencia<\/li>\n<li>P\u00fablico objetivo Inteligencia Artificial Se\u00f1alizaci\u00f3n<\/li>\n<li>Informe mensual<\/li>\n<li>Agente en l\u00ednea<\/li>\n<li>\n<\/li>\n<\/ul>\n","protected":false},"featured_media":597,"template":"","meta":{"rank_math_focus_keyword":"","rank_math_description":""},"product_brand":[],"product_cat":[47],"product_tag":[],"class_list":{"0":"post-596","1":"product","2":"type-product","3":"status-publish","4":"has-post-thumbnail","6":"product_cat-gestion-de-redes-sociales","8":"first","9":"instock","10":"virtual","11":"taxable","12":"purchasable","13":"product-type-simple"},"jetpack_sharing_enabled":true,"_links":{"self":[{"href":"https:\/\/www.sociogrowth.com\/es\/wp-json\/wp\/v2\/product\/596","targetHints":{"allow":["GET"]}}],"collection":[{"href":"https:\/\/www.sociogrowth.com\/es\/wp-json\/wp\/v2\/product"}],"about":[{"href":"https:\/\/www.sociogrowth.com\/es\/wp-json\/wp\/v2\/types\/product"}],"wp:featuredmedia":[{"embeddable":true,"href":"https:\/\/www.sociogrowth.com\/es\/wp-json\/wp\/v2\/media\/597"}],"wp:attachment":[{"href":"https:\/\/www.sociogrowth.com\/es\/wp-json\/wp\/v2\/media?parent=596"}],"wp:term":[{"taxonomy":"product_brand","embeddable":true,"href":"https:\/\/www.sociogrowth.com\/es\/wp-json\/wp\/v2\/product_brand?post=596"},{"taxonomy":"product_cat","embeddable":true,"href":"https:\/\/www.sociogrowth.com\/es\/wp-json\/wp\/v2\/product_cat?post=596"},{"taxonomy":"product_tag","embeddable":true,"href":"https:\/\/www.sociogrowth.com\/es\/wp-json\/wp\/v2\/product_tag?post=596"}],"curies":[{"name":"wp","href":"https:\/\/api.w.org\/{rel}","templated":true}]}}